{"id":6,"date":"2018-06-05T08:48:22","date_gmt":"2018-06-05T08:48:22","guid":{"rendered":"http:\/\/ld-wp.template-help.com\/monstroid2\/skins\/artichaut\/?page_id=6"},"modified":"2026-04-17T12:06:20","modified_gmt":"2026-04-17T10:06:20","slug":"home","status":"publish","type":"page","link":"https:\/\/www.restauranteplayabella.com\/en\/","title":{"rendered":"Home"},"content":{"rendered":"<div data-elementor-type=\"wp-post\" data-elementor-id=\"6\" class=\"elementor elementor-6\">\n\t\t\t\t\t\t<section class=\"elementor-section elementor-top-section elementor-element elementor-element-ebb2d76 elementor-section-full_width elementor-section-height-default elementor-section-height-default\" data-id=\"ebb2d76\" data-element_type=\"section\" data-settings=\"{&quot;jet_parallax_layout_list&quot;:[{&quot;jet_parallax_layout_image&quot;:{&quot;url&quot;:&quot;&quot;,&quot;id&quot;:&quot;&quot;,&quot;size&quot;:&quot;&quot;},&quot;_id&quot;:&quot;13867c6&quot;,&quot;jet_parallax_layout_speed&quot;:{&quot;unit&quot;:&quot;%&quot;,&quot;size&quot;:50,&quot;sizes&quot;:[]},&quot;jet_parallax_layout_image_tablet&quot;:{&quot;url&quot;:&quot;&quot;,&quot;id&quot;:&quot;&quot;,&quot;size&quot;:&quot;&quot;},&quot;jet_parallax_layout_image_mobile&quot;:{&quot;url&quot;:&quot;&quot;,&quot;id&quot;:&quot;&quot;,&quot;size&quot;:&quot;&quot;},&quot;jet_parallax_layout_type&quot;:&quot;scroll&quot;,&quot;jet_parallax_layout_direction&quot;:&quot;1&quot;,&quot;jet_parallax_layout_fx_direction&quot;:null,&quot;jet_parallax_layout_z_index&quot;:&quot;&quot;,&quot;jet_parallax_layout_bg_x&quot;:50,&quot;jet_parallax_layout_bg_x_tablet&quot;:&quot;&quot;,&quot;jet_parallax_layout_bg_x_mobile&quot;:&quot;&quot;,&quot;jet_parallax_layout_bg_y&quot;:50,&quot;jet_parallax_layout_bg_y_tablet&quot;:&quot;&quot;,&quot;jet_parallax_layout_bg_y_mobile&quot;:&quot;&quot;,&quot;jet_parallax_layout_bg_size&quot;:&quot;auto&quot;,&quot;jet_parallax_layout_bg_size_tablet&quot;:&quot;&quot;,&quot;jet_parallax_layout_bg_size_mobile&quot;:&quot;&quot;,&quot;jet_parallax_layout_animation_prop&quot;:&quot;transform&quot;,&quot;jet_parallax_layout_on&quot;:[&quot;desktop&quot;,&quot;tablet&quot;]}]}\">\n\t\t\t\t\t\t<div class=\"elementor-container elementor-column-gap-no\">\n\t\t\t\t\t<div class=\"elementor-column elementor-col-100 elementor-top-column elementor-element elementor-element-5a6ea76\" data-id=\"5a6ea76\" data-element_type=\"column\">\n\t\t\t<div class=\"elementor-widget-wrap elementor-element-populated\">\n\t\t\t\t\t\t<div class=\"elementor-element elementor-element-4c93045 elementor-widget elementor-widget-slider_revolution\" data-id=\"4c93045\" data-element_type=\"widget\" data-widget_type=\"slider_revolution.default\">\n\t\t\t\t\t\n\t\t<div class=\"wp-block-themepunch-revslider\">\n\t\t\t\t<p class=\"rs-p-wp-fix\"><\/p>\n\t\t\t\t<sr7-module data-alias=\"slaido_10\" data-id=\"1\" id=\"SR7_1_1\" class=\"rs-ov-hidden\" data-version=\"6.7.38\">\n\t\t\t\t\t<sr7-adjuster><\/sr7-adjuster>\n\t\t\t\t\t<sr7-content>\n\t\t\t\t\t\t<sr7-slide id=\"SR7_1_1-1\" data-key=\"1\">\n\t\t\t\t\t\t\t<sr7-bg id=\"SR7_1_1-1-6\" class=\"sr7-layer\"><noscript><img decoding=\"async\" src=\"https:\/\/www.restauranteplayabella.com\/wp-content\/uploads\/2025\/12\/Plantilla_playa_bella.png\" alt=\"\" title=\"Plantilla_playa_bella\"><\/noscript><\/sr7-bg>\n\t\t\t\t\t\t\t<sr7-txt id=\"SR7_1_1-1-2\" class=\"sr7-layer\">Restaurant<\/sr7-txt>\n\t\t\t\t\t\t\t<sr7-txt id=\"SR7_1_1-1-3\" class=\"sr7-layer\">Restaurant<\/sr7-txt>\n\t\t\t\t\t\t\t<sr7-txt id=\"SR7_1_1-1-4\" class=\"sr7-layer\"><\/sr7-txt>\n\t\t\t\t\t\t\t<sr7-txt id=\"SR7_1_1-1-5\" class=\"sr7-layer\">Playa Bella<\/sr7-txt>\n\t\t\t\t\t\t<\/sr7-slide>\n\t\t\t\t\t\t<sr7-slide id=\"SR7_1_1-2\" data-key=\"2\">\n\t\t\t\t\t\t\t<sr7-bg id=\"SR7_1_1-2-8\" class=\"sr7-layer\"><noscript><img decoding=\"async\" src=\"https:\/\/www.restauranteplayabella.com\/wp-content\/uploads\/2025\/11\/chimenea-encen-b-scaled.jpg\" alt=\"\" title=\"chimenea-encen-b\"><\/noscript><\/sr7-bg>\n\t\t\t\t\t\t\t<sr7-txt id=\"SR7_1_1-2-0\" class=\"sr7-layer\">En Casa<\/sr7-txt>\n\t\t\t\t\t\t\t<sr7-txt id=\"SR7_1_1-2-2\" class=\"sr7-layer\">Como...<\/sr7-txt>\n\t\t\t\t\t\t\t<sr7-txt id=\"SR7_1_1-2-3\" class=\"sr7-layer\">En casa<\/sr7-txt>\n\t\t\t\t\t\t\t<sr7-txt id=\"SR7_1_1-2-4\" class=\"sr7-layer\"><\/sr7-txt>\n\t\t\t\t\t\t\t<sr7-txt id=\"SR7_1_1-2-7\" class=\"sr7-layer\">Como...<\/sr7-txt>\n\t\t\t\t\t\t<\/sr7-slide>\n\t\t\t\t\t\t<sr7-slide id=\"SR7_1_1-3\" data-key=\"3\">\n\t\t\t\t\t\t\t<sr7-bg id=\"SR7_1_1-3-8\" class=\"sr7-layer\"><noscript><img decoding=\"async\" src=\"https:\/\/www.restauranteplayabella.com\/wp-content\/uploads\/2025\/12\/Plato.jpeg\" alt=\"\" title=\"Plato\"><\/noscript><\/sr7-bg>\n\t\t\t\t\t\t\t<sr7-txt id=\"SR7_1_1-3-2\" class=\"sr7-layer\">Nuestros<br>platos<\/sr7-txt>\n\t\t\t\t\t\t\t<sr7-txt id=\"SR7_1_1-3-3\" class=\"sr7-layer\">Platos<\/sr7-txt>\n\t\t\t\t\t\t\t<sr7-txt id=\"SR7_1_1-3-4\" class=\"sr7-layer\"><\/sr7-txt>\n\t\t\t\t\t\t\t<sr7-txt id=\"SR7_1_1-3-7\" class=\"sr7-layer\">Nuestros<\/sr7-txt>\n\t\t\t\t\t\t<\/sr7-slide>\n\t\t\t\t\t\t<sr7-slide id=\"SR7_1_1-10\" data-key=\"10\">\n\t\t\t\t\t\t<\/sr7-slide>\n\t\t\t\t\t<\/sr7-content>\n\t\t\t\t\t<image_lists style=\"display:none\">\n\t\t\t\t\t\t<img data-src=\"\/\/www.restauranteplayabella.com\/wp-content\/uploads\/2025\/12\/Plantilla_playa_bella.png\" data-libid=\"658\" data-lib=\"medialibrary\" title=\"Plantilla_playa_bella\" width=\"0\" height=\"0\" data-dbsrc=\"Ly93d3cucmVzdGF1cmFudGVwbGF5YWJlbGxhLmNvbS93cC1jb250ZW50L3VwbG9hZHMvMjAyNS8xMi9QbGFudGlsbGFfcGxheWFfYmVsbGEucG5n\"\/>\n\t\t\t\t\t\t<img data-src=\"\/\/www.restauranteplayabella.com\/wp-content\/uploads\/2025\/11\/chimenea-encen-b-scaled.jpg\" data-libid=\"613\" data-lib=\"medialibrary\" title=\"chimenea-encen-b\" width=\"0\" height=\"0\" data-dbsrc=\"Ly93d3cucmVzdGF1cmFudGVwbGF5YWJlbGxhLmNvbS93cC1jb250ZW50L3VwbG9hZHMvMjAyNS8xMS9jaGltZW5lYS1lbmNlbi1iLXNjYWxlZC5qcGc=\"\/>\n\t\t\t\t\t\t<img data-src=\"\/\/www.restauranteplayabella.com\/wp-content\/uploads\/2025\/12\/Plato.jpeg\" data-libid=\"675\" data-lib=\"medialibrary\" title=\"Plato\" width=\"0\" height=\"0\" data-dbsrc=\"Ly93d3cucmVzdGF1cmFudGVwbGF5YWJlbGxhLmNvbS93cC1jb250ZW50L3VwbG9hZHMvMjAyNS8xMi9QbGF0by5qcGVn\"\/>\n\t\t\t\t\t<\/image_lists>\n\t\t\t\t<\/sr7-module>\n\t\t\t\t<script>\n\t\t\t\t\tSR7.PMH ??={}; SR7.PMH[\"SR7_1_1\"] = {cn:100,state:false,fn: function() { if (_tpt!==undefined && _tpt.prepareModuleHeight !== undefined) {  _tpt.prepareModuleHeight({id:\"SR7_1_1\",el:[868,868,768,960,720],type:'standard',shdw:'0',gh:[868,868,768,960,720],gw:[1240,1240,1024,778,480],vpt:['-100px&#039;,&#039;-100px&#039;,&#039;-100px&#039;,&#039;-100px&#039;,&#039;-100px'],size:{fullWidth:true, fullHeight:false},mh:'0',onh:0,onw:0,bg:{color:'{\"orig\":\"transparent\",\"type\":\"solid\",\"string\":\"transparent\"}'},plType:'0',plColor:'#FFFFFF'});   SR7.PMH[\"SR7_1_1\"].state=true;} else if(SR7.PMH[\"SR7_1_1\"].cn-->0)\tsetTimeout( SR7.PMH[\"SR7_1_1\"].fn,19);}};SR7.PMH[\"SR7_1_1\" ].fn();\n\t\t\t\t<\/script>\n<\/div>\n\n\t\t\t\t\t\t<\/div>\n\t\t\t\t\t<\/div>\n\t\t<\/div>\n\t\t\t\t\t<\/div>\n\t\t<\/section>\n\t\t\t\t<section class=\"elementor-section elementor-top-section elementor-element elementor-element-f03a54d elementor-section-boxed elementor-section-height-default elementor-section-height-default\" data-id=\"f03a54d\" data-element_type=\"section\" data-settings=\"{&quot;jet_parallax_layout_list&quot;:[{&quot;jet_parallax_layout_image&quot;:{&quot;url&quot;:&quot;&quot;,&quot;id&quot;:&quot;&quot;,&quot;size&quot;:&quot;&quot;},&quot;_id&quot;:&quot;c81f541&quot;,&quot;jet_parallax_layout_speed&quot;:{&quot;unit&quot;:&quot;%&quot;,&quot;size&quot;:50,&quot;sizes&quot;:[]},&quot;jet_parallax_layout_image_tablet&quot;:{&quot;url&quot;:&quot;&quot;,&quot;id&quot;:&quot;&quot;,&quot;size&quot;:&quot;&quot;},&quot;jet_parallax_layout_image_mobile&quot;:{&quot;url&quot;:&quot;&quot;,&quot;id&quot;:&quot;&quot;,&quot;size&quot;:&quot;&quot;},&quot;jet_parallax_layout_type&quot;:&quot;scroll&quot;,&quot;jet_parallax_layout_direction&quot;:&quot;1&quot;,&quot;jet_parallax_layout_fx_direction&quot;:null,&quot;jet_parallax_layout_z_index&quot;:&quot;&quot;,&quot;jet_parallax_layout_bg_x&quot;:50,&quot;jet_parallax_layout_bg_x_tablet&quot;:&quot;&quot;,&quot;jet_parallax_layout_bg_x_mobile&quot;:&quot;&quot;,&quot;jet_parallax_layout_bg_y&quot;:50,&quot;jet_parallax_layout_bg_y_tablet&quot;:&quot;&quot;,&quot;jet_parallax_layout_bg_y_mobile&quot;:&quot;&quot;,&quot;jet_parallax_layout_bg_size&quot;:&quot;auto&quot;,&quot;jet_parallax_layout_bg_size_tablet&quot;:&quot;&quot;,&quot;jet_parallax_layout_bg_size_mobile&quot;:&quot;&quot;,&quot;jet_parallax_layout_animation_prop&quot;:&quot;transform&quot;,&quot;jet_parallax_layout_on&quot;:[&quot;desktop&quot;,&quot;tablet&quot;]}]}\">\n\t\t\t\t\t\t<div class=\"elementor-container elementor-column-gap-default\">\n\t\t\t\t\t<div class=\"elementor-column elementor-col-100 elementor-top-column elementor-element elementor-element-f2378f9\" data-id=\"f2378f9\" data-element_type=\"column\">\n\t\t\t<div class=\"elementor-widget-wrap elementor-element-populated\">\n\t\t\t\t\t\t<div class=\"elementor-element elementor-element-9b57cac elementor-widget elementor-widget-spacer\" data-id=\"9b57cac\" data-element_type=\"widget\" data-widget_type=\"spacer.default\">\n\t\t\t\t\t\t\t<div class=\"elementor-spacer\">\n\t\t\t<div class=\"elementor-spacer-inner\"><\/div>\n\t\t<\/div>\n\t\t\t\t\t\t<\/div>\n\t\t\t\t<div class=\"elementor-element elementor-element-eecd96a elementor-widget elementor-widget-jet-headline\" data-id=\"eecd96a\" data-element_type=\"widget\" data-widget_type=\"jet-headline.default\">\n\t\t\t\t<div class=\"elementor-widget-container\">\n\t\t\t\t\t<h2 class=\"jet-headline jet-headline--direction-vertical\"><span class=\"jet-headline__part jet-headline__first\"><span class=\"jet-headline__label\">Restaurant Playa Bella<\/span><\/span><span class=\"jet-headline__part jet-headline__second\"><span class=\"jet-headline__label\">Welcome<\/span><\/span><\/h2>\t\t\t\t<\/div>\n\t\t\t\t<\/div>\n\t\t\t\t<div class=\"elementor-element elementor-element-127adad elementor-widget-divider--view-line elementor-widget elementor-widget-divider\" data-id=\"127adad\" data-element_type=\"widget\" data-widget_type=\"divider.default\">\n\t\t\t\t\t\t\t<div class=\"elementor-divider\">\n\t\t\t<span class=\"elementor-divider-separator\">\n\t\t\t\t\t\t<\/span>\n\t\t<\/div>\n\t\t\t\t\t\t<\/div>\n\t\t\t\t<div class=\"elementor-element elementor-element-aaff082 elementor-widget elementor-widget-text-editor\" data-id=\"aaff082\" data-element_type=\"widget\" data-widget_type=\"text-editor.default\">\n\t\t\t\t\t\t\t\t\t<div class=\"wpb_text_column wpb_content_element\"><p>\u00a0<\/p><div class=\"wpb_wrapper\"><p>We are pleased to inform you that <strong>Restaurant PlayaBella<\/strong> has been recognized as the best establishment in the area, according to customer reviews on Restaurant Guru!<\/p><p>Once again, our hard work is rewarded. This time, the recognition comes from Sluurpy, celebrating the positive feedback we\u2019ve received from our visitors.<\/p><\/div><\/div><div class=\"wpb_text_column wpb_content_element\"><div class=\"wpb_wrapper\"><h2 style=\"text-align: center;\">THANKS TO YOU<\/h2><\/div><\/div>\t\t\t\t\t\t\t\t<\/div>\n\t\t\t\t\t<\/div>\n\t\t<\/div>\n\t\t\t\t\t<\/div>\n\t\t<\/section>\n\t\t<div class=\"elementor-element elementor-element-fdfd033 e-grid e-con-boxed e-con e-parent\" data-id=\"fdfd033\" data-element_type=\"container\" data-settings=\"{&quot;jet_parallax_layout_list&quot;:[]}\">\n\t\t\t\t\t<div class=\"e-con-inner\">\n\t\t\t\t<div class=\"elementor-element elementor-element-8877955 elementor-widget elementor-widget-image\" data-id=\"8877955\" data-element_type=\"widget\" data-widget_type=\"image.default\">\n\t\t\t\t\t\t\t\t\t\t\t\t\t\t\t\t<a href=\"https:\/\/www.restauranteplayabella.com\/wp-content\/uploads\/2026\/04\/Carta_restaurante_playa_bella_2026.pdf\">\n\t\t\t\t\t\t\t<img loading=\"lazy\" decoding=\"async\" width=\"1024\" height=\"683\" src=\"https:\/\/www.restauranteplayabella.com\/wp-content\/uploads\/2026\/04\/carta-1024x683.png\" class=\"attachment-large size-large wp-image-864\" alt=\"\" srcset=\"https:\/\/www.restauranteplayabella.com\/wp-content\/uploads\/2026\/04\/carta-1024x683.png 1024w, https:\/\/www.restauranteplayabella.com\/wp-content\/uploads\/2026\/04\/carta-300x200.png 300w, https:\/\/www.restauranteplayabella.com\/wp-content\/uploads\/2026\/04\/carta-768x512.png 768w, https:\/\/www.restauranteplayabella.com\/wp-content\/uploads\/2026\/04\/carta-18x12.png 18w, https:\/\/www.restauranteplayabella.com\/wp-content\/uploads\/2026\/04\/carta-600x400.png 600w, https:\/\/www.restauranteplayabella.com\/wp-content\/uploads\/2026\/04\/carta.png 1536w\" sizes=\"(max-width: 1024px) 100vw, 1024px\" \/>\t\t\t\t\t\t\t\t<\/a>\n\t\t\t\t\t\t\t\t\t\t\t\t\t\t\t<\/div>\n\t\t\t\t<div class=\"elementor-element elementor-element-1055c0a elementor-widget elementor-widget-image\" data-id=\"1055c0a\" data-element_type=\"widget\" data-widget_type=\"image.default\">\n\t\t\t\t\t\t\t\t\t\t\t\t\t\t\t\t<a href=\"https:\/\/www.restauranteplayabella.com\/wp-content\/uploads\/2026\/04\/Menu_especial_Playa_Bella_2026.pdf\">\n\t\t\t\t\t\t\t<img loading=\"lazy\" decoding=\"async\" width=\"1024\" height=\"683\" src=\"https:\/\/www.restauranteplayabella.com\/wp-content\/uploads\/2026\/04\/menu_especial_playa_bella-1024x683.jpg\" class=\"attachment-large size-large wp-image-869\" alt=\"\" srcset=\"https:\/\/www.restauranteplayabella.com\/wp-content\/uploads\/2026\/04\/menu_especial_playa_bella-1024x683.jpg 1024w, https:\/\/www.restauranteplayabella.com\/wp-content\/uploads\/2026\/04\/menu_especial_playa_bella-300x200.jpg 300w, https:\/\/www.restauranteplayabella.com\/wp-content\/uploads\/2026\/04\/menu_especial_playa_bella-768x512.jpg 768w, https:\/\/www.restauranteplayabella.com\/wp-content\/uploads\/2026\/04\/menu_especial_playa_bella-18x12.jpg 18w, https:\/\/www.restauranteplayabella.com\/wp-content\/uploads\/2026\/04\/menu_especial_playa_bella-600x400.jpg 600w, https:\/\/www.restauranteplayabella.com\/wp-content\/uploads\/2026\/04\/menu_especial_playa_bella.jpg 1248w\" sizes=\"(max-width: 1024px) 100vw, 1024px\" \/>\t\t\t\t\t\t\t\t<\/a>\n\t\t\t\t\t\t\t\t\t\t\t\t\t\t\t<\/div>\n\t\t\t\t\t<\/div>\n\t\t\t\t<\/div>\n\t\t\t\t<\/div>","protected":false},"excerpt":{"rendered":"<p>Restaurante Playa BellaBienvenidos \u00a0 \u00a1Nos complace informarle de que Restaurante PlayaBella se ha convertido en el mejor establecimiento de la zona seg\u00fan los comentarios de sus clientes en Restaurant Guru! Una vez m\u00e1s el esfuerzo es premiado. Esta vez nos premian desde Sluurpy a todo el equipo por las cr\u00edticas positivas que tenemos de nuestros [&hellip;]<\/p>","protected":false},"author":1,"featured_media":0,"parent":0,"menu_order":0,"comment_status":"closed","ping_status":"closed","template":"elementor_header_footer","meta":{"footnotes":""},"class_list":["post-6","page","type-page","status-publish","hentry"],"_links":{"self":[{"href":"https:\/\/www.restauranteplayabella.com\/en\/wp-json\/wp\/v2\/pages\/6","targetHints":{"allow":["GET"]}}],"collection":[{"href":"https:\/\/www.restauranteplayabella.com\/en\/wp-json\/wp\/v2\/pages"}],"about":[{"href":"https:\/\/www.restauranteplayabella.com\/en\/wp-json\/wp\/v2\/types\/page"}],"author":[{"embeddable":true,"href":"https:\/\/www.restauranteplayabella.com\/en\/wp-json\/wp\/v2\/users\/1"}],"replies":[{"embeddable":true,"href":"https:\/\/www.restauranteplayabella.com\/en\/wp-json\/wp\/v2\/comments?post=6"}],"version-history":[{"count":44,"href":"https:\/\/www.restauranteplayabella.com\/en\/wp-json\/wp\/v2\/pages\/6\/revisions"}],"predecessor-version":[{"id":876,"href":"https:\/\/www.restauranteplayabella.com\/en\/wp-json\/wp\/v2\/pages\/6\/revisions\/876"}],"wp:attachment":[{"href":"https:\/\/www.restauranteplayabella.com\/en\/wp-json\/wp\/v2\/media?parent=6"}],"curies":[{"name":"wp","href":"https:\/\/api.w.org\/{rel}","templated":true}]}}